{"id":1739,"date":"2021-02-19T14:32:30","date_gmt":"2021-02-19T13:32:30","guid":{"rendered":"https:\/\/www.lorenz-kollegen.com\/expertise\/leistungskatalog\/"},"modified":"2022-02-14T05:44:45","modified_gmt":"2022-02-14T04:44:45","slug":"catalog-of-services","status":"publish","type":"page","link":"https:\/\/www.lorenz-kollegen.com\/en\/expertise\/catalog-of-services\/","title":{"rendered":"Catalog of Services"},"content":{"rendered":"<div class=\"wpb-content-wrapper\"><p>[vc_row full_width=&#8221;stretch_row_content_no_spaces&#8221; css=&#8221;.vc_custom_1631012823702{padding-top: 22% !important;padding-bottom: 22% !important;background-image: url(https:\/\/www.lorenz-kollegen.com\/wp-content\/uploads\/2021\/09\/9X5A6792.jpg?id=651) !important;background-position: center !important;background-repeat: no-repeat !important;background-size: cover !important;}&#8221;][vc_column][\/vc_column][\/vc_row][vc_row][vc_column][vc_empty_space][\/vc_column][\/vc_row][vc_row][vc_column][vc_custom_heading text=&#8221;Catalog of Services&#8221; font_container=&#8221;tag:h2|text_align:center&#8221; use_theme_fonts=&#8221;yes&#8221;][vc_separator color=&#8221;custom&#8221; border_width=&#8221;2&#8243; el_width=&#8221;20&#8243; accent_color=&#8221;#003987&#8243;][vc_empty_space][\/vc_column][\/vc_row][vc_row][vc_column][vc_column_text]Our services include, among other things, advice regarding inventions, trademarks and designs, the registration of industrial property rights, representation before the relevant agencies and commissions, especially patent offices and trademark offices, and courts, as well as the enforcement and defense of protective rights.[\/vc_column_text][vc_empty_space][vc_tta_accordion shape=&#8221;square&#8221; color=&#8221;white&#8221; gap=&#8221;15&#8243; c_icon=&#8221;chevron&#8221; c_position=&#8221;right&#8221; active_section=&#8221;0&#8243; collapsible_all=&#8221;true&#8221;][vc_tta_section title=&#8221;Advice&#8221; tab_id=&#8221;1613741689138-88e44d62-77211613741832338&#8243;][vc_column_text]zu Ideen und Erfindungen, Marken, Designs, Know-how, Schutz von Software, dem Schutz von Halbleitern sowie Lizenzvertr\u00e4gen und Arbeitnehmererfindungen (Gesetz \u00fcber Arbeitnehmererfindungen)[\/vc_column_text][\/vc_tta_section][vc_tta_section title=&#8221;Registration and Preparation&#8221; tab_id=&#8221;1613741689149-0758f1ac-b5291613741832338&#8243;][vc_column_text]aller gewerblichen Schutzrechte national und international:<\/p>\n<p>Patente einschl. Europ\u00e4ische Patente und PCT-Anmeldungen, Gebrauchsmuster, Designs, Gemeinschaftsgeschmacksmuster, Marken, Unionsmarken, internationale Marken (IR-Marken), Sortenschutzrechte, Halbleiterschutz<\/p>\n<p>Ausarbeitung von Patentanmeldungen, Patentzeichnungen, Markenanmeldungen einschlie\u00dflich der Waren- und Dienstleistungsverzeichnisse, Designanmeldungen bzw. Gemeinschaftsgeschmacksmusteranmeldungen[\/vc_column_text][\/vc_tta_section][vc_tta_section title=&#8221;Representation&#8221; tab_id=&#8221;1613743923613-bb3e5d4d-aba7&#8243;][vc_column_text]vor dem Deutschen Patent- und Markenamt (DPMA), der Schiedsstelle nach dem Gesetz \u00fcber Arbeitnehmererfindungen am DPMA, dem Bundespatentgericht (BPatG), dem Europ\u00e4ischen Patentamt (EPA), den Beschwerdekammern des EPA, dem Amt der Europ\u00e4ischen Union f\u00fcr geistiges Eigentum (EUIPO), dem Gericht der Europ\u00e4ischen Union (EuG) und anderen internationalen Beh\u00f6rden f\u00fcr den gewerblichen Rechtsschutz (z.B. der WIPO) sowie in besonderen F\u00e4llen auch vor dem Bundesgerichtshof (BGH) und dem Europ\u00e4ischen Gerichtshof (EuGH)[\/vc_column_text][\/vc_tta_section][vc_tta_section title=&#8221;Administration&#8221; tab_id=&#8221;1613743923399-f81d6dae-6c1a&#8221;][vc_column_text]Ihrer Schutzrechte (z. B. Einzahlung von Jahresgeb\u00fchren) und Domains, \u00dcberwachung aller Fristen und Termine zu Ihren Schutzrechten[\/vc_column_text][\/vc_tta_section][vc_tta_section title=&#8221;Supervision&#8221; tab_id=&#8221;1626181626133-d944fa42-9c8d&#8221;][vc_column_text]von Patenten, Patentanmeldungen und Gebrauchsmustern Ihrer Wettbewerber;<\/p>\n<p>von neuen Markenanmeldungen, die mit Ihren Marken verwechslungsf\u00e4hig sein k\u00f6nnten (Kollisions\u00fcberwachung)[\/vc_column_text][\/vc_tta_section][vc_tta_section title=&#8221;Enforcement &amp; Defense&#8221; tab_id=&#8221;1613743922919-9705b61e-7b11&#8243;][vc_column_text]Ihrer Patente, Marken und Designs sowohl au\u00dfergerichtlich als auch vor den einschl\u00e4gigen Gerichten und \u00c4mtern[\/vc_column_text][\/vc_tta_section][vc_tta_section title=&#8221;Research&#8221; tab_id=&#8221;1614086902737-1b963fb4-9106&#8243;][vc_column_text]im Bereich des gewerblichen Rechtsschutzes, insbesondere Patentinhaberrecherchen, Patentsachrecherche, \u201eFreedom to Operate&#8221;-Recherche (FTO-Recherche), Markenrecherchen einschlie\u00dflich Markenidentit\u00e4tsrecherche, Marken\u00e4hnlichkeitsrecherche entsprechend der Markenklassifikation (Nizza-Klassifikation), Markeninhaberrecherche, Designrecherchen einschlie\u00dflich Designinhaberrecherchen und Designsachrecherchen entsprechend der Lugano-Klassifikation[\/vc_column_text][\/vc_tta_section][vc_tta_section title=&#8221;Translations&#8221; tab_id=&#8221;1620735710297-53713657-4b74&#8243;][vc_column_text]Anfertigung von Patent\u00fcbersetzungen und \u00dcbersetzungen mit rechtlichem und technischem Inhalt[\/vc_column_text][\/vc_tta_section][\/vc_tta_accordion][\/vc_column][\/vc_row]<\/p>\n<\/div>","protected":false},"excerpt":{"rendered":"<p>[vc_row full_width=&#8221;stretch_row_content_no_spaces&#8221; css=&#8221;.vc_custom_1631012823702{padding-top: 22% !important;padding-bottom: 22% !important;background-image: url(https:\/\/www.lorenz-kollegen.com\/wp-content\/uploads\/2021\/09\/9X5A6792.jpg?id=651) !important;background-position: center !important;background-repeat: no-repeat !important;background-size: cover !important;}&#8221;][vc_column][\/vc_column][\/vc_row][vc_row][vc_column][vc_empty_space][\/vc_column][\/vc_row][vc_row][vc_column][vc_custom_heading text=&#8221;Catalog of Services&#8221; font_container=&#8221;tag:h2|text_align:center&#8221; use_theme_fonts=&#8221;yes&#8221;][vc_separator color=&#8221;custom&#8221; border_width=&#8221;2&#8243; el_width=&#8221;20&#8243; accent_color=&#8221;#003987&#8243;][vc_empty_space][\/vc_column][\/vc_row][vc_row][vc_column][vc_column_text]Our services include, among other things, advice [&hellip;]<\/p>\n","protected":false},"author":1,"featured_media":0,"parent":1735,"menu_order":0,"comment_status":"closed","ping_status":"closed","template":"","meta":{"footnotes":""},"class_list":["post-1739","page","type-page","status-publish","hentry","wpbf-post"],"_links":{"self":[{"href":"https:\/\/www.lorenz-kollegen.com\/en\/wp-json\/wp\/v2\/pages\/1739","targetHints":{"allow":["GET"]}}],"collection":[{"href":"https:\/\/www.lorenz-kollegen.com\/en\/wp-json\/wp\/v2\/pages"}],"about":[{"href":"https:\/\/www.lorenz-kollegen.com\/en\/wp-json\/wp\/v2\/types\/page"}],"author":[{"embeddable":true,"href":"https:\/\/www.lorenz-kollegen.com\/en\/wp-json\/wp\/v2\/users\/1"}],"replies":[{"embeddable":true,"href":"https:\/\/www.lorenz-kollegen.com\/en\/wp-json\/wp\/v2\/comments?post=1739"}],"version-history":[{"count":6,"href":"https:\/\/www.lorenz-kollegen.com\/en\/wp-json\/wp\/v2\/pages\/1739\/revisions"}],"predecessor-version":[{"id":2146,"href":"https:\/\/www.lorenz-kollegen.com\/en\/wp-json\/wp\/v2\/pages\/1739\/revisions\/2146"}],"up":[{"embeddable":true,"href":"https:\/\/www.lorenz-kollegen.com\/en\/wp-json\/wp\/v2\/pages\/1735"}],"wp:attachment":[{"href":"https:\/\/www.lorenz-kollegen.com\/en\/wp-json\/wp\/v2\/media?parent=1739"}],"curies":[{"name":"wp","href":"https:\/\/api.w.org\/{rel}","templated":true}]}}