{"id":1743,"date":"2021-02-19T14:36:55","date_gmt":"2021-02-19T13:36:55","guid":{"rendered":"https:\/\/www.lorenz-kollegen.com\/expertise\/rechtsgebiete\/"},"modified":"2022-02-14T05:44:45","modified_gmt":"2022-02-14T04:44:45","slug":"areas-of-law","status":"publish","type":"page","link":"https:\/\/www.lorenz-kollegen.com\/en\/expertise\/areas-of-law\/","title":{"rendered":"Areas of Law"},"content":{"rendered":"<div class=\"wpb-content-wrapper\"><p>[vc_row full_width=&#8221;stretch_row_content_no_spaces&#8221; css=&#8221;.vc_custom_1634811818434{padding-top: 22% !important;padding-bottom: 22% !important;background-image: url(https:\/\/www.lorenz-kollegen.com\/wp-content\/uploads\/2021\/10\/9X5A7830_v3.jpg?id=935) !important;background-position: center !important;background-repeat: no-repeat !important;background-size: cover !important;}&#8221;][vc_column][\/vc_column][\/vc_row][vc_row][vc_column][vc_empty_space][\/vc_column][\/vc_row][vc_row][vc_column][vc_custom_heading text=&#8221;Areas of Law&#8221; font_container=&#8221;tag:h2|text_align:center&#8221; use_theme_fonts=&#8221;yes&#8221;][vc_separator color=&#8221;custom&#8221; border_width=&#8221;2&#8243; el_width=&#8221;20&#8243; accent_color=&#8221;#003987&#8243;][vc_empty_space][\/vc_column][\/vc_row][vc_row][vc_column][vc_column_text]The patent attorneys and litigation attorneys at the law firm of Lorenz &amp; Kollegen possess decades of expertise and experience, particularly in the areas of law listed below, with which they can provide you with comprehensive and competent advice, and support. We are looking forward to hearing from you![\/vc_column_text][vc_empty_space][vc_tta_accordion shape=&#8221;square&#8221; color=&#8221;white&#8221; gap=&#8221;15&#8243; c_icon=&#8221;chevron&#8221; c_position=&#8221;right&#8221; active_section=&#8221;0&#8243; collapsible_all=&#8221;true&#8221;][vc_tta_section title=&#8221;Industrial Property Rights&#8221; tab_id=&#8221;1613741689138-88e44d62-77211613741832338&#8243;][vc_column_text]<strong>Rechtliche Grundlage <\/strong><\/p>\n<p>Im angloamerikanischen Rechtsraum wird der Begriff \u201eIntellectual Property\u201c zur Bezeichnung des geistigen Eigentums verwendet. In Deutschland wird das geistige Eigentum dem Oberbegriff des Gewerblichen Rechtsschutzes zugeordnet.<\/p>\n<p>Erfindungen und Innovationen stellen in einem dynamischen Gesch\u00e4ftsumfeld mit einer stetig zunehmenden Digitalisierung in vielen Unternehmen die Basis des Erfolgs dar. Dem Schutz des Geistigen Eigentums (\u201eIntellectual Property\u201c) sollte daher eine hohe Bedeutung beigemessen werden, zum Schutz vor Produkt- und Markenpiraterie.<\/p>\n<p>Der gewerbliche Rechtsschutz vereint mehrere Rechtsgebiete. Hierunter fallen u.a. alle subjektiven, wirtschaftlich verwertbaren Rechte an immateriellen Gegenst\u00e4nden, wozu insbesondere das Patentrecht, das Gebrauchsmusterrecht, das Designrecht bzw. das Gemeinschaftsgeschmacksmusterrecht und das Markenrecht geh\u00f6ren. Dem Gewerblichen Rechtsschutz werden auch weniger bekannte Rechtsgebiete, wie das Sortenschutzrecht f\u00fcr neue Pflanzensorten und das Topographieschutzrecht f\u00fcr dreidimensionale Strukturen von mikroelektronischen Halbleitererzeugnissen zugeordnet.<\/p>\n<p>Wichtige Rechtsnormen der vorgenannten Rechtsgebiete sind in Deutschland das Patentgesetz (PatG), das Europ\u00e4ische Patent\u00fcbereinkommen (EP\u00dc), das Gebrauchsmustergesetz (GebrMG), das Designgesetz (DesignG), die Gemeinschaftsgeschmacksmusterverordnung (GGV), das Markengesetz (MarkenG), das Sortenschutzgesetz (SortSchG) und das Halbleiterschutzgesetz (HalblSchG).<\/p>\n<p>Details zu den einzelnen Rechtsgebieten finden Sie auf unserer Homepage unter der Rubrik \u201eSchutzrechte\u201c.<\/p>\n<p><strong>Unsere Expertise <\/strong><\/p>\n<p>Als Patentanw\u00e4lte und Rechtsanw\u00e4lte u.a. als Fachanw\u00e4lte f\u00fcr Gewerblichen Rechtsschutz bildet der Schutz des geistigen Eigentums den Schwerpunkt unserer beruflichen T\u00e4tigkeit, in dem unsere Kanzlei auf einen 45-j\u00e4hrigen Erfahrungsschatz zur\u00fcckgreifen kann.<\/p>\n<p>Auseinandersetzungen im Gewerblichen Rechtsschutz lassen sich oft bereits im Vorfeld durch geeignete Recherchen und au\u00dferamtliche Verhandlungen vermeiden.<\/p>\n<p>Wir stehen unseren Mandanten nicht nur beratend bei allen Fragen im Rahmen einer Auseinandersetzung zur Seite, sondern setzen Ihre Rechte auch au\u00dfergerichtlich und gerichtlich durch, insbesondere durch Berechtigungsanfragen, Abmahnungen, einstweiligen Verf\u00fcgungen und Hauptsacheverfahren. Selbstverst\u00e4ndlich verteidigen wir Sie auch gegen Angriffe Dritter.[\/vc_column_text][\/vc_tta_section][vc_tta_section title=&#8221;Law regarding Employee Inventions&#8221; tab_id=&#8221;1613741689149-0758f1ac-b5291613741832338&#8243;][vc_column_text]<strong>Rechtliche Grundlage <\/strong><\/p>\n<p>Das im Jahr 1957 verabschiedete Gesetz \u00fcber Arbeitnehmererfindungen hat sich in der Praxis bew\u00e4hrt, wozu auch die Spruchpraxis der Schiedsstelle beigetragen hat, die bei Streitigkeiten angerufen werden kann.<\/p>\n<p>Das Gesetz \u00fcber Arbeitnehmererfindungen (ArbnErfG) schafft einen Interessensausgleich zwischen Arbeitgeber und Arbeitnehmer, der im Rahmen seiner T\u00e4tigkeit eine Erfindung get\u00e4tigt hat. Der Ausgleich wird dadurch geschaffen, dass der Arbeitgeber einen Anspruch auf die Diensterfindung erh\u00e4lt, der Arbeitnehmer hingegen aber einen Verg\u00fctungsanspruch erwirbt.<\/p>\n<p>Zur Vermeidung von Streitigkeiten sollten beide Parteien ausreichend \u00fcber ihre Rechte und Pflichten, insbesondere auch \u00fcber den Inhalt der Meldung einer Arbeitnehmererfindung und die Wirkung der Inanspruchnahme, informiert sein.<\/p>\n<p><strong>Unsere Expertise <\/strong><\/p>\n<p>Gerne stehen wir Ihnen beratend zur Seite und erstellen f\u00fcr Sie beispielsweise geeignete Formulare und Vertr\u00e4ge oder beraten Sie zur Erfinderverg\u00fctung. Im Streitfall vertreten wir Ihre Rechte vor der zust\u00e4ndigen Schiedsstelle oder den einschl\u00e4gigen Zivilgerichten.[\/vc_column_text][\/vc_tta_section][vc_tta_section title=&#8221;Competition law&#8221; tab_id=&#8221;1613743923613-bb3e5d4d-aba7&#8243;][vc_column_text]<strong>Rechtliche Grundlage <\/strong><\/p>\n<p>Das Gesetz gegen den unlauteren Wettbewerb (UWG) hat sich im Laufe der Jahrzehnte gewandelt. Das aktuelle Wettbewerbsrecht ist aufgrund der europ\u00e4ischen Harmonisierung deutlich liberaler als fr\u00fcher. Wettbewerbsrechtliche Fragestellungen betreffen in der Praxis h\u00e4ufig irref\u00fchrende Werbung oder Produktnachahmungen, die zu einer Herkunftst\u00e4uschung f\u00fchren k\u00f6nnen. Das Wettbewerbsrecht ist h\u00e4ufig auch ein Auffangtatbestand, wenn keine Sonderschutzrechte, wie Patent-, Marken- oder Designrechte vorhanden oder diese bereits abgelaufen sind.<\/p>\n<p><strong>Unsere Expertise <\/strong><\/p>\n<p>Das Wettbewerbsrecht ist einer der Schwerpunkte unserer anwaltlichen T\u00e4tigkeit, h\u00e4ufig in Verbindung mit Marken- und Designrechten. Wir verfolgen wettbewerbswidriges Verhalten von Mitbewerbern und \u00fcbernehmen die Verteidigung gegen\u00fcber unberechtigten Angriffen von Konkurrenten. Bereits bevor ein neues Produkt in den Markt eingef\u00fchrt wird, beraten wir Sie gerne hinsichtlich m\u00f6glicher Risiken, wozu insbesondere ein Vergleich zwischen Ihrem neuen Produkt und den vorhandenen Produkten Ihrer Wettbewerber geh\u00f6rt. Wir entwickeln Strategien, empfehlen \u00c4nderungen, beispielsweise am Produktdesign, um Risiken zu vermeiden oder zu reduzieren.[\/vc_column_text][\/vc_tta_section][vc_tta_section title=&#8221;Infringement of Protective Rights&#8221; tab_id=&#8221;1613743923399-f81d6dae-6c1a&#8221;][vc_column_text]<strong>Rechtliche Grundlage <\/strong><\/p>\n<p>Eine Verletzung Ihres geistigen Eigentums m\u00fcssen Sie nicht hinnehmen. Insbesondere Patente, Gebrauchsmuster, Marken und Designs (Gemeinschaftsgeschmacksmuster) lassen sich durch die entsprechenden Gesetze effektiv gegen Verletzer durchsetzen.<\/p>\n<p>In vielen F\u00e4llen l\u00e4sst sich der Gang vor das Gericht durch au\u00dferamtliche oder au\u00dfergerichtliche Vergleiche vermeiden. Eine einvernehmliche L\u00f6sung mit dem Verletzer l\u00e4sst sich im Vergleich zu einem gerichtlichen Verfahren zumeist schnell und kostenschonender erreichen.<\/p>\n<p>In insbesondere Markenrechtsstreitigkeiten haben wir durch unsere langj\u00e4hrige Erfahrung eine hohe Erfolgsquote au\u00dferamtliche Einigung zu erreichen, wodurch sich nicht nur Markenverletzungsklagen, sondern auch Markenwiderspruchs und -l\u00f6schungsverfahren vermeiden bzw. beilegen lassen.<\/p>\n<p>Selbstverst\u00e4ndlich setzen wir Ihre Schutzrechte auch vor Gericht durch oder wehren unberechtigte Anspr\u00fcche Dritter ab.<\/p>\n<p>Bei Verletzungsklagen wird fast immer auch gegen das Klageschutzrecht vorgegangen, insbesondere wenn es sich dabei um ein Patent oder Gebrauchsmuster handelt. Hierbei handelt es sich um ein von dem Verletzungsverfahren getrenntes Verfahren, insbesondere vor dem Bundespatentgericht, dem Bundesgerichtshof oder den Patent- und Marken\u00e4mtern, vor denen wir Ihre Vertretung ebenfalls \u00fcbernehmen.<\/p>\n<p><strong>Unsere Expertise <\/strong><\/p>\n<p>Wir vertreten unsere Mandanten vor allen einschl\u00e4gigen Gerichten in Deutschland in Verfahren bei Schutzrechtsverletzungen von Patenten und Gebrauchsmustern, bei der Verletzung von Marken oder Designs (bzw. Gemeinschaftsgeschmacksmuster) sowie auch bei anderen Vertragsangelegenheiten oder Wettbewerbsverst\u00f6\u00dfen. Wenn n\u00f6tig kooperieren wir auch mit spezialisierten Rechtsanwaltskanzleien im In- und Ausland.[\/vc_column_text][\/vc_tta_section][vc_tta_section title=&#8221;Contract Law&#8221; tab_id=&#8221;1613743922919-9705b61e-7b11&#8243;][vc_column_text]<strong>Rechtliche Grundlage <\/strong><\/p>\n<p>Das Vertragsrecht umfasst s\u00e4mtliche Rechtsnormen, die das Zustandekommen von Vertr\u00e4gen regeln inklusive der Vertragsabwicklung, deren Rechtswirkung und Vertragsverletzungen.<\/p>\n<p><strong>Unsere Expertise <\/strong><\/p>\n<p>Wir beraten Sie im Vertragsrecht in allen Belangen, wenn der Vertragsgegenstand geistiges Eigentum, insbesondere Patente, Marken, Designs und Gemeinschaftsgeschmacksmuster betrifft. Ein wesentlicher Bestandteil unserer T\u00e4tigkeit im Bereich Vertragsrecht ist die Beratung und Ausarbeitung der Vertr\u00e4ge. Die Vertr\u00e4ge, die geistiges Eigentum betreffen, sind meistens individuell gestaltet und an die jeweiligen Bed\u00fcrfnisse angepasst. Unsere Expertise betrifft insbesondere:<\/p>\n<ul>\n<li>Patentkaufvertrag; Markenkaufvertrag; Designkaufvertrag<\/li>\n<li>Lizenzvertr\u00e4ge (siehe die folgende Rubrik Lizenzrecht)<\/li>\n<li>\u00dcbertragungsvertr\u00e4ge<\/li>\n<li>Vertr\u00e4ge auf Einr\u00e4umung einer Mitbenutzung (bspw. Markennutzungsvertrag)<\/li>\n<li>Abgrenzungs- und Vorrechtsvereinbarungen<\/li>\n<li>Know-how Vertr\u00e4ge<\/li>\n<li>Geheimhaltungsvereinbarungen (Non-Disclosure Agreement &#8211; NDA)<\/li>\n<li>Verwertungsvertr\u00e4ge<\/li>\n<li>Kooperationsvereinbarung<\/li>\n<li>Erfindungsvereinbarungen<\/li>\n<li>Vereinbarung zur Abtretung von Erfindungsrechten<\/li>\n<li>Vereinbarungen zur Verg\u00fctung von Arbeitnehmererfindungen<\/li>\n<\/ul>\n<p>[\/vc_column_text][\/vc_tta_section][vc_tta_section title=&#8221;Licensing law&#8221; tab_id=&#8221;1620740091481-6548fa07-f1f2&#8243;][vc_column_text]<strong>Rechtliche Grundlage <\/strong><\/p>\n<p>Eine strategische Lizenzierung kann entscheidend f\u00fcr den Unternehmenserfolg sein.<\/p>\n<p>Wenn eine eigene Nutzung Ihrer Entwicklungen und Innovationen nicht in Betracht kommt, bietet sich eine Verwertung durch \u00dcberlassung von Benutzungsrechten an Dritte im Wege der Lizenzvergabe an. Dies gilt insbesondere f\u00fcr Sonderschutzrechte wie Patente, Gebrauchsmuster, Marken und Designs.<\/p>\n<p>Ein Lizenzvertrag regelt die Einr\u00e4umung von Nutzungsrechten an Schutzrechten gegen ein Entgelt, die sogenannte Lizenzgeb\u00fchr.<\/p>\n<p>Obwohl es sich bei Lizenzvertr\u00e4gen um eine der wichtigsten Vertragsformen f\u00fcr geistiges Eigentum handelt, fehlt es an einer zusammenh\u00e4ngenden umfassenden gesetzlichen Regelung des Lizenzvertrages.<\/p>\n<p>Gegenstand der Lizenzierung k\u00f6nnen gewerbliche Schutzrechte wie z.B. Patent-, Marken- oder Gebrauchsmusterrechte und verwandte Schutzrechte sein.<\/p>\n<p>M\u00f6glich ist es auch, Know-how zu lizenzieren. Gegenstand des lizenzierten Know-how k\u00f6nnen geheime technische oder kaufm\u00e4nnische Erfahrungen und Kenntnisse, z.B. \u00fcber Herstellungsverfahren sein. Hier ist zu ber\u00fccksichtigen, dass keine Schutzrechte vorliegen und ein Schutz von Know-how nicht mehr gegeben ist, wenn das Know-how anderweitig \u00f6ffentlich bekannt wird. Wichtig ist es dabei insbesondere, dass vertragliche und nachvertragliche Geheimhaltungspflichten vereinbart werden.<\/p>\n<p>Durch den Abschluss eines Lizenzvertrages erh\u00e4lt der Lizenznehmer die Befugnis, den Lizenzgegenstand in der vertraglich bestimmten Weise zu nutzen gegen die Verpflichtung, eine dem Vertragsgegenstand angemessene Verg\u00fctung zu bezahlen. \u00dcblich sind insbesondere einfache und exklusive (ausschlie\u00dfliche) Lizenzvertr\u00e4ge.<\/p>\n<p>Zur St\u00e4rkung der eigenen Position, zur Erweiterung des Produktportfolios oder auch zur Vermeidung einer gerichtlichen Auseinandersetzung kann auch der Abschluss eines sog. Cross-Licensing-Vertrags (Kreuzlizenzvertrag) von Vorteil sein, durch welchen wechselseitig die Erlaubnis erteilt wird, Patente oder andere Schutzrechte der jeweiligen anderen Partei zu nutzen.<\/p>\n<p><strong>Unsere Expertise<\/strong><\/p>\n<p>Einer unserer Schwerpunkte ist die Erstellung von Lizenzvertr\u00e4gen, insbesondere zur Lizenzierung von Patenten, Marken, Designs und Gemeinschaftsgeschmacksmustern. Die Lizenzvertr\u00e4ge, die geistiges Eigentum betreffen, sind meistens individuell gestaltet und an die jeweiligen Bed\u00fcrfnisse angepasst. Wesentlich ist dabei insbesondere, ob ein einfacher oder exklusiver (ausschlie\u00dflicher) Lizenzvertrag abgeschlossen werden soll.[\/vc_column_text][\/vc_tta_section][vc_tta_section title=&#8221;Copyright Law&#8221; tab_id=&#8221;1625829445100-baaa8f30-bffd&#8221;][vc_column_text]<strong>Rechtliche Grundlage <\/strong><\/p>\n<p>Das Urheberrecht ist das Recht \u00fcber die eigene sch\u00f6pferische Leistung und betrifft im Wesentlichen geschaffene Werke im Bereich der Kunst, Musik, Film, Verlagswesen und der Architektur. Zum Urheberrecht geh\u00f6rt allerdings auch Software. Das Urheberrecht weist insbesondere auch \u00dcberschneidungen mit dem Designrecht und dem Gemeinschaftsgeschmacksmusterrecht auf.<\/p>\n<p>Das Urheberrecht (UrhG) hat territoriale Wirkung, die Gef\u00e4hrdung der Interessen des Urhebers endet jedoch nicht an den Grenzen. Deshalb wird \u00fcber internationale Abkommen versucht, den Urhebern auch in anderen Staaten den erforderlichen Schutz zukommen zu lassen. Zu erw\u00e4hnen ist hier u.a. das TRIPS-\u00dcbereinkommen \u00fcber handelsbezogene Aspekte der Rechte des geistigen Eigentums.<\/p>\n<p>An der Schnittstelle zum Patentrecht spielt insbesondere der Schutz von Software eine zunehmend wichtige Rolle. Es ist dabei zu beachten, dass Software an sich nicht generell vom Patentschutz ausgeschlossen ist, nach dem Patentgesetz ist lediglich Software \u201eals solche\u201c (\u00a7 1 Abs. 4 PatG) vom Patentschutz ausgeschlossen.<\/p>\n<p><strong>Unsere Expertise <\/strong><\/p>\n<p>Wir beraten Sie gerne zum Urheberrecht.<\/p>\n<p>Wenn Sie eine Software entwickelt und Interesse an einem Softwarepatent haben, freuen wir uns, wenn Sie sich mit uns in Verbindung setzen. Einer unserer Patentanw\u00e4lte und Partner ist Diplom-Informatiker und daher mit dieser Materie im besonderen Ma\u00dfe vertraut.[\/vc_column_text][\/vc_tta_section][vc_tta_section title=&#8221;Internet Law&#8221; tab_id=&#8221;1625829468371-42650b90-3397&#8243;][vc_column_text]<strong>Rechtliche Grundlage <\/strong><\/p>\n<p>Das Internetrecht (auch: Onlinerecht) betrifft rechtliche Probleme, die mit der Verwendung des Internets einhergehen. Das Internetrecht stellt kein eigenes Rechtsgebiet dar, sondern kann als Schnittstelle aller Rechtsgebiete im Bereich des Internets bezeichnet werden.<\/p>\n<p>Bei der immer weiter wachsenden Bedeutung des Internets ist es nicht \u00fcberraschend, dass es sich bei dem Internetrecht um ein stetig wachsendes Rechtsgebiet handelt.<\/p>\n<p>H\u00e4ufig werden Markenrechte eingesetzt, um das Recht an einer Domain flankierend zu sch\u00fctzen. Gerade f\u00fcr Start-ups, die mit ihrem Produkt und ihrem Unternehmenskennzeichen neu auf dem Markt sind, bietet es sich an, nicht nur das Produkt und den Unternehmensnamen, sondern auch den Domainnamen als Marke sch\u00fctzen zu lassen, um einen bundesweiten Schutz zu erreichen.<\/p>\n<p>Es kommt auch immer wieder zu Kennzeichenkonflikten, wenn Unternehmen, deren Unternehmensgegenstand sich eigentlich nicht \u00fcberschneidet, dieselbe Domain nutzen m\u00f6chten oder im Google-Ranking um die besten Pl\u00e4tze konkurrieren.<\/p>\n<p>Neben klassischen F\u00e4llen von Markenverletzungen, z.B. auf eBay, Amazon oder anderen Plattformen, kommt es auch regelm\u00e4\u00dfig vor, dass fremde Marken eingesetzt werden, um die eigenen Produkte und die eigene Domain zu bewerben bei bspw. Google (Suchmaschinenwerbung\/Keyword-Advertising; Suchmaschinenoptimierung). Es gibt einen schmalen Grad zwischen einer zul\u00e4ssigen unsichtbaren Nutzung fremder Marken und einer Markenverletzung mit einhergehenden Schadensersatzanspr\u00fcchen.<\/p>\n<p>Neben Markenverletzungsf\u00e4llen im Internet spielen auch regelm\u00e4\u00dfig Verletzung von Urheberrechten (z.B. Bildrechte) und Verst\u00f6\u00dfe gegen das Gesetz gegen den unlauteren Wettbewerb (UWG) eine Rolle.<\/p>\n<p><strong>Unsere Expertise <\/strong><\/p>\n<p>Bei Fragen zur Nutzung oder Durchsetzung geistigen Eigentums im Internet stehen wir Ihnen gerne mit unserer Expertise zur Verf\u00fcgung.<\/p>\n<p>Unsere Patentanw\u00e4lte und Rechtsanw\u00e4lte verf\u00fcgen \u00fcber eine umfangreiche Erfahrung, um Sie auch bei spezifischen Fallkonstellationen, bspw. dem Keyword-Advertising oder der Kollision zwischen Marken\/Unternehmenskennzeichen und Domainnamen nach der aktuellsten Rechtslage beraten zu k\u00f6nnen.[\/vc_column_text][\/vc_tta_section][\/vc_tta_accordion][\/vc_column][\/vc_row]<\/p>\n<\/div>","protected":false},"excerpt":{"rendered":"<p>[vc_row full_width=&#8221;stretch_row_content_no_spaces&#8221; css=&#8221;.vc_custom_1634811818434{padding-top: 22% !important;padding-bottom: 22% !important;background-image: url(https:\/\/www.lorenz-kollegen.com\/wp-content\/uploads\/2021\/10\/9X5A7830_v3.jpg?id=935) !important;background-position: center !important;background-repeat: no-repeat !important;background-size: cover !important;}&#8221;][vc_column][\/vc_column][\/vc_row][vc_row][vc_column][vc_empty_space][\/vc_column][\/vc_row][vc_row][vc_column][vc_custom_heading text=&#8221;Areas of Law&#8221; font_container=&#8221;tag:h2|text_align:center&#8221; use_theme_fonts=&#8221;yes&#8221;][vc_separator color=&#8221;custom&#8221; border_width=&#8221;2&#8243; el_width=&#8221;20&#8243; accent_color=&#8221;#003987&#8243;][vc_empty_space][\/vc_column][\/vc_row][vc_row][vc_column][vc_column_text]The patent attorneys and litigation attorneys at [&hellip;]<\/p>\n","protected":false},"author":1,"featured_media":0,"parent":1735,"menu_order":0,"comment_status":"closed","ping_status":"closed","template":"","meta":{"footnotes":""},"class_list":["post-1743","page","type-page","status-publish","hentry","wpbf-post"],"_links":{"self":[{"href":"https:\/\/www.lorenz-kollegen.com\/en\/wp-json\/wp\/v2\/pages\/1743","targetHints":{"allow":["GET"]}}],"collection":[{"href":"https:\/\/www.lorenz-kollegen.com\/en\/wp-json\/wp\/v2\/pages"}],"about":[{"href":"https:\/\/www.lorenz-kollegen.com\/en\/wp-json\/wp\/v2\/types\/page"}],"author":[{"embeddable":true,"href":"https:\/\/www.lorenz-kollegen.com\/en\/wp-json\/wp\/v2\/users\/1"}],"replies":[{"embeddable":true,"href":"https:\/\/www.lorenz-kollegen.com\/en\/wp-json\/wp\/v2\/comments?post=1743"}],"version-history":[{"count":7,"href":"https:\/\/www.lorenz-kollegen.com\/en\/wp-json\/wp\/v2\/pages\/1743\/revisions"}],"predecessor-version":[{"id":2180,"href":"https:\/\/www.lorenz-kollegen.com\/en\/wp-json\/wp\/v2\/pages\/1743\/revisions\/2180"}],"up":[{"embeddable":true,"href":"https:\/\/www.lorenz-kollegen.com\/en\/wp-json\/wp\/v2\/pages\/1735"}],"wp:attachment":[{"href":"https:\/\/www.lorenz-kollegen.com\/en\/wp-json\/wp\/v2\/media?parent=1743"}],"curies":[{"name":"wp","href":"https:\/\/api.w.org\/{rel}","templated":true}]}}